{"id":1694,"date":"2020-08-26T16:11:45","date_gmt":"2020-08-26T20:11:45","guid":{"rendered":"https:\/\/cdbeaupre.difusion.ca\/nos-circuits\/"},"modified":"2025-11-06T13:29:57","modified_gmt":"2025-11-06T18:29:57","slug":"our-itineraries","status":"publish","type":"page","link":"https:\/\/cotedebeaupre.com\/en\/our-itineraries\/","title":{"rendered":"Itineraries"},"content":{"rendered":"","protected":false},"excerpt":{"rendered":"","protected":false},"author":1,"featured_media":0,"parent":0,"menu_order":0,"comment_status":"closed","ping_status":"closed","template":"template-itineraires.php","meta":{"_acf_changed":false,"footnotes":""},"class_list":["post-1694","page","type-page","status-publish","hentry"],"acf":[],"yoast_head":"<!-- This site is optimized with the Yoast SEO plugin v20.11 - https:\/\/yoast.com\/wordpress\/plugins\/seo\/ -->\n<title>Itineraries - C\u00f4te-de-Beaupr\u00e9 | Mont-Sainte-Anne<\/title>\n<meta name=\"description\" content=\"Signalis\u00e9 par des panneaux illustrant les armoiries de la Nouvelle-France, le parcours de 50 kilom\u00e8tres vous invite \u00e0 sillonner la magnifique et historique avenue Royale (Route 360) en traversant l&#039;arrondissement historique de Beauport et les municipalit\u00e9s de Boischatel, L&#039;Ange-Gardien, Ch\u00e2teau-Richer, Sainte-Anne-de-Beaupr\u00e9, Beaupr\u00e9 et Saint-Joachim, sur la C\u00f4te-de-Beaupr\u00e9. Une trentaine d\u2019attraits reli\u00e9s \u00e0 la culture, au patrimoine, \u00e0 l\u2019histoire, ainsi qu\u2019\u00e0 l\u2019agrotourisme, s\u2019ajoutent aux paysages et \u00e0 l\u2019ambiance de cette vieille route, peut-\u00eatre la plus ancienne du Qu\u00e9bec.\" \/>\n<meta name=\"robots\" content=\"index, follow, max-snippet:-1, max-image-preview:large, max-video-preview:-1\" \/>\n<link rel=\"canonical\" href=\"https:\/\/cotedebeaupre.com\/en\/our-itineraries\/\" \/>\n<meta property=\"og:locale\" content=\"en_US\" \/>\n<meta property=\"og:type\" content=\"article\" \/>\n<meta property=\"og:title\" content=\"Itineraries - C\u00f4te-de-Beaupr\u00e9 | Mont-Sainte-Anne\" \/>\n<meta property=\"og:description\" content=\"Signalis\u00e9 par des panneaux illustrant les armoiries de la Nouvelle-France, le parcours de 50 kilom\u00e8tres vous invite \u00e0 sillonner la magnifique et historique avenue Royale (Route 360) en traversant l&#039;arrondissement historique de Beauport et les municipalit\u00e9s de Boischatel, L&#039;Ange-Gardien, Ch\u00e2teau-Richer, Sainte-Anne-de-Beaupr\u00e9, Beaupr\u00e9 et Saint-Joachim, sur la C\u00f4te-de-Beaupr\u00e9. Une trentaine d\u2019attraits reli\u00e9s \u00e0 la culture, au patrimoine, \u00e0 l\u2019histoire, ainsi qu\u2019\u00e0 l\u2019agrotourisme, s\u2019ajoutent aux paysages et \u00e0 l\u2019ambiance de cette vieille route, peut-\u00eatre la plus ancienne du Qu\u00e9bec.\" \/>\n<meta property=\"og:url\" content=\"https:\/\/cotedebeaupre.com\/en\/our-itineraries\/\" \/>\n<meta property=\"og:site_name\" content=\"C\u00f4te-de-Beaupr\u00e9 | Mont-Sainte-Anne\" \/>\n<meta property=\"article:modified_time\" content=\"2025-11-06T18:29:57+00:00\" \/>\n<meta name=\"twitter:card\" content=\"summary_large_image\" \/>\n<script type=\"application\/ld+json\" class=\"yoast-schema-graph\">{\"@context\":\"https:\/\/schema.org\",\"@graph\":[{\"@type\":\"WebPage\",\"@id\":\"https:\/\/cotedebeaupre.com\/en\/our-itineraries\/\",\"url\":\"https:\/\/cotedebeaupre.com\/en\/our-itineraries\/\",\"name\":\"Itineraries - C\u00f4te-de-Beaupr\u00e9 | Mont-Sainte-Anne\",\"isPartOf\":{\"@id\":\"https:\/\/cotedebeaupre.com\/#website\"},\"datePublished\":\"2020-08-26T20:11:45+00:00\",\"dateModified\":\"2025-11-06T18:29:57+00:00\",\"description\":\"Signalis\u00e9 par des panneaux illustrant les armoiries de la Nouvelle-France, le parcours de 50 kilom\u00e8tres vous invite \u00e0 sillonner la magnifique et historique avenue Royale (Route 360) en traversant l'arrondissement historique de Beauport et les municipalit\u00e9s de Boischatel, L'Ange-Gardien, Ch\u00e2teau-Richer, Sainte-Anne-de-Beaupr\u00e9, Beaupr\u00e9 et Saint-Joachim, sur la C\u00f4te-de-Beaupr\u00e9. Une trentaine d\u2019attraits reli\u00e9s \u00e0 la culture, au patrimoine, \u00e0 l\u2019histoire, ainsi qu\u2019\u00e0 l\u2019agrotourisme, s\u2019ajoutent aux paysages et \u00e0 l\u2019ambiance de cette vieille route, peut-\u00eatre la plus ancienne du Qu\u00e9bec.\",\"inLanguage\":\"en-US\",\"potentialAction\":[{\"@type\":\"ReadAction\",\"target\":[\"https:\/\/cotedebeaupre.com\/en\/our-itineraries\/\"]}]},{\"@type\":\"WebSite\",\"@id\":\"https:\/\/cotedebeaupre.com\/#website\",\"url\":\"https:\/\/cotedebeaupre.com\/\",\"name\":\"C\u00f4te-de-Beaupr\u00e9 | Mont-Sainte-Anne\",\"description\":\"Un air de famille !\",\"potentialAction\":[{\"@type\":\"SearchAction\",\"target\":{\"@type\":\"EntryPoint\",\"urlTemplate\":\"https:\/\/cotedebeaupre.com\/?s={search_term_string}\"},\"query-input\":\"required name=search_term_string\"}],\"inLanguage\":\"en-US\"}]}<\/script>\n<!-- \/ Yoast SEO plugin. -->","yoast_head_json":{"title":"Itineraries - C\u00f4te-de-Beaupr\u00e9 | Mont-Sainte-Anne","description":"Signalis\u00e9 par des panneaux illustrant les armoiries de la Nouvelle-France, le parcours de 50 kilom\u00e8tres vous invite \u00e0 sillonner la magnifique et historique avenue Royale (Route 360) en traversant l'arrondissement historique de Beauport et les municipalit\u00e9s de Boischatel, L'Ange-Gardien, Ch\u00e2teau-Richer, Sainte-Anne-de-Beaupr\u00e9, Beaupr\u00e9 et Saint-Joachim, sur la C\u00f4te-de-Beaupr\u00e9. Une trentaine d\u2019attraits reli\u00e9s \u00e0 la culture, au patrimoine, \u00e0 l\u2019histoire, ainsi qu\u2019\u00e0 l\u2019agrotourisme, s\u2019ajoutent aux paysages et \u00e0 l\u2019ambiance de cette vieille route, peut-\u00eatre la plus ancienne du Qu\u00e9bec.","robots":{"index":"index","follow":"follow","max-snippet":"max-snippet:-1","max-image-preview":"max-image-preview:large","max-video-preview":"max-video-preview:-1"},"canonical":"https:\/\/cotedebeaupre.com\/en\/our-itineraries\/","og_locale":"en_US","og_type":"article","og_title":"Itineraries - C\u00f4te-de-Beaupr\u00e9 | Mont-Sainte-Anne","og_description":"Signalis\u00e9 par des panneaux illustrant les armoiries de la Nouvelle-France, le parcours de 50 kilom\u00e8tres vous invite \u00e0 sillonner la magnifique et historique avenue Royale (Route 360) en traversant l'arrondissement historique de Beauport et les municipalit\u00e9s de Boischatel, L'Ange-Gardien, Ch\u00e2teau-Richer, Sainte-Anne-de-Beaupr\u00e9, Beaupr\u00e9 et Saint-Joachim, sur la C\u00f4te-de-Beaupr\u00e9. Une trentaine d\u2019attraits reli\u00e9s \u00e0 la culture, au patrimoine, \u00e0 l\u2019histoire, ainsi qu\u2019\u00e0 l\u2019agrotourisme, s\u2019ajoutent aux paysages et \u00e0 l\u2019ambiance de cette vieille route, peut-\u00eatre la plus ancienne du Qu\u00e9bec.","og_url":"https:\/\/cotedebeaupre.com\/en\/our-itineraries\/","og_site_name":"C\u00f4te-de-Beaupr\u00e9 | Mont-Sainte-Anne","article_modified_time":"2025-11-06T18:29:57+00:00","twitter_card":"summary_large_image","schema":{"@context":"https:\/\/schema.org","@graph":[{"@type":"WebPage","@id":"https:\/\/cotedebeaupre.com\/en\/our-itineraries\/","url":"https:\/\/cotedebeaupre.com\/en\/our-itineraries\/","name":"Itineraries - C\u00f4te-de-Beaupr\u00e9 | Mont-Sainte-Anne","isPartOf":{"@id":"https:\/\/cotedebeaupre.com\/#website"},"datePublished":"2020-08-26T20:11:45+00:00","dateModified":"2025-11-06T18:29:57+00:00","description":"Signalis\u00e9 par des panneaux illustrant les armoiries de la Nouvelle-France, le parcours de 50 kilom\u00e8tres vous invite \u00e0 sillonner la magnifique et historique avenue Royale (Route 360) en traversant l'arrondissement historique de Beauport et les municipalit\u00e9s de Boischatel, L'Ange-Gardien, Ch\u00e2teau-Richer, Sainte-Anne-de-Beaupr\u00e9, Beaupr\u00e9 et Saint-Joachim, sur la C\u00f4te-de-Beaupr\u00e9. Une trentaine d\u2019attraits reli\u00e9s \u00e0 la culture, au patrimoine, \u00e0 l\u2019histoire, ainsi qu\u2019\u00e0 l\u2019agrotourisme, s\u2019ajoutent aux paysages et \u00e0 l\u2019ambiance de cette vieille route, peut-\u00eatre la plus ancienne du Qu\u00e9bec.","inLanguage":"en-US","potentialAction":[{"@type":"ReadAction","target":["https:\/\/cotedebeaupre.com\/en\/our-itineraries\/"]}]},{"@type":"WebSite","@id":"https:\/\/cotedebeaupre.com\/#website","url":"https:\/\/cotedebeaupre.com\/","name":"C\u00f4te-de-Beaupr\u00e9 | Mont-Sainte-Anne","description":"Un air de famille !","potentialAction":[{"@type":"SearchAction","target":{"@type":"EntryPoint","urlTemplate":"https:\/\/cotedebeaupre.com\/?s={search_term_string}"},"query-input":"required name=search_term_string"}],"inLanguage":"en-US"}]}},"_links":{"self":[{"href":"https:\/\/cotedebeaupre.com\/en\/wp-json\/wp\/v2\/pages\/1694"}],"collection":[{"href":"https:\/\/cotedebeaupre.com\/en\/wp-json\/wp\/v2\/pages"}],"about":[{"href":"https:\/\/cotedebeaupre.com\/en\/wp-json\/wp\/v2\/types\/page"}],"author":[{"embeddable":true,"href":"https:\/\/cotedebeaupre.com\/en\/wp-json\/wp\/v2\/users\/1"}],"replies":[{"embeddable":true,"href":"https:\/\/cotedebeaupre.com\/en\/wp-json\/wp\/v2\/comments?post=1694"}],"version-history":[{"count":22,"href":"https:\/\/cotedebeaupre.com\/en\/wp-json\/wp\/v2\/pages\/1694\/revisions"}],"predecessor-version":[{"id":9030,"href":"https:\/\/cotedebeaupre.com\/en\/wp-json\/wp\/v2\/pages\/1694\/revisions\/9030"}],"wp:attachment":[{"href":"https:\/\/cotedebeaupre.com\/en\/wp-json\/wp\/v2\/media?parent=1694"}],"curies":[{"name":"wp","href":"https:\/\/api.w.org\/{rel}","templated":true}]}}